{"id":87,"date":"2019-12-14T19:48:39","date_gmt":"2019-12-14T18:48:39","guid":{"rendered":"http:\/\/hackisan.com\/?page_id=87"},"modified":"2020-10-17T09:33:51","modified_gmt":"2020-10-17T07:33:51","slug":"ueber-hackisan","status":"publish","type":"page","link":"https:\/\/hackisan.de\/en\/ueber-hackisan\/","title":{"rendered":"About Hackisan"},"content":{"rendered":"<p><b>Wer bin ich?<\/b><br \/>\nIch bin Hacki und bin leidenschaftlicher Musiker, Philosoph, Schriftsteller, Fotograf und K\u00fcnstler aus Baden-W\u00fcrttemberg (Deutschland). Ich lasse mich inspirieren von Metal bis Klassik, von Slayer und Cannibal Corpse bis Antonio Vivaldi und Niccol\u00f2 Paganini, von Bud Spencer und Terence Hill bis Einstein und Steven Hawking. Inspiration finde ich \u00fcberall.<\/p>\n<p><b>Was mache ich?<\/b><br \/>\nIch war schon immer kreativ und wollte meine Kunst in die Welt hinaustragen, wusste jedoch nicht genau wie. Keiner wollte meine Geschichten und Gedichte h\u00f6ren und erst recht nicht ver\u00f6ffentlichen, was mich nat\u00fcrlich noch mehr deprimierte. 1998 ver\u00f6ffentlichte ich dann zum ersten Mal zwei Gedichte in einem Sammelband. Ich musste zwar daf\u00fcr selbst bezahlen, durfte mich aber ab jetzt Autor nennen und es war ein erster Schritt in die \u00d6ffentlichkeit. Es mussten jedoch noch einige Jahre ins Land gehen, bevor ich die Idee hatte, selbst f\u00fcr meine Ver\u00f6ffentlichung zu sorgen und zwar \u00fcber das Internet. Ich fing an Musikvideos f\u00fcr Youtube zu drehen und machte so meine Werke der ganzen Welt zug\u00e4nglich.<br \/>\nHeute komponiere ich nicht nur Musik und drehe Videos, sondern ich schreibe auch Geschichten und verwandle diese in eBooks und H\u00f6rb\u00fccher. Au\u00dferdem geh\u00f6rt die Fotografie zu einer meiner gro\u00dfen Leidenschaften.<\/p>\n<p><b>Warum brauchen ich euch?<\/b><br \/>\nJedes Werk, welches ich produziere, kostet sehr viel an Arbeit und Zeit und es h\u00e4ngt mein Herz an jedem einzelnen Werk. Kunst lebt davon, dass sie von anderen Menschen gesehen wird und es w\u00e4re schade und auch verschwendete Zeit, wenn die Kunst danach ungesehen wieder in der Versenkung verschwinden w\u00fcrde.<br \/>\nDazu brauche ich euch!<\/p>\n<p><b>Was sind meine Ziele?<\/b><br \/>\nMein gro\u00dfes Ziel ist es, Menschen zu inspirieren und sie zum Nachdenken anzuregen.<\/p>\n<p><b>Musik ist erst der Anfang!<\/b><\/p>\n<hr>\n<p>Da mich viele sozialkritische Themen, wie Natur, Umweltschutz, Menschenrechte, die W\u00fcrde des Menschen, sowie Krieg und Frieden sehr interessieren und besch\u00e4ftigen, auch emotional, war es f\u00fcr mich ein Bed\u00fcrfnis, \u00fcber genau diese Themen aufmerksam zu machen, in Form von Musik und Songtexten.<\/p>\n<p>Wie geht der Mensch mit der Umwelt um?<br \/>\nWas f\u00fcr einen Schaden richtet der Mensch in der Natur an?<\/p>\n<p>Und warum denkt der Mensch, wenn es um Geld und Macht geht, nur noch an: &#8220;nach mir die Sintflut&#8221;!?<\/p>\n<p>Dieses Thema war mir eine Herzensangelegenheit, weil mir mehr und mehr bewusst wurde, wie wir Menschen mit der Umwelt umgehen, wie wenig Respekt wir davor haben, wie uneinsichtig und ignorant wir sind und wie kurzsichtig wir sind in Bezug auf die daraus resultierenden Folgen f\u00fcr die Zukunft.<\/p>\n<p>Mag ja sein, dass die Verursacher die Folgen gar nicht mehr gro\u00df mitbekommen, weil sie schon lange tot sind, bis ihr Handeln Konsequenzen hat. Doch unsere Kinder und die Kinder unserer Kinder m\u00fcssen dann mit den Folgen leben.<br \/>\nDas ist nicht nur so etwas von verantwortungslos, selbsts\u00fcchtig und lebensverachtend sondern auch richtig d\u00e4mlich!<br \/>\nWenn jeder diese Einstellung tragen w\u00fcrde, k\u00f6nnten wir den ganzen Laden auch gleich dicht machen!<\/p>\n<p>Man kann es einfach nicht oft genug sagen&#8230;<br \/>\nWenn der Mensch so weiter macht, dann zerst\u00f6rt er nicht nur die Erde, sondern auch sich selber.<br \/>\nEs war mir einfach unendlich wichtig, diese Botschaft nach drau\u00dfen zu transportieren, in die Welt. Denn die Erde kann ohne uns \u00fcberleben- sehr gut sogar, viel besser, als mit uns- aber WIR k\u00f6nnen NICHT \u00fcberleben OHNE die Erde. Denn wenn wir den einzigen Platz zerst\u00f6ren der uns ern\u00e4hrt und der uns am Leben h\u00e4lt, dann zerst\u00f6ren wir uns zwangsl\u00e4ufig selbst.<\/p>\n<p>Das ist ein grunds\u00e4tzliches Mindset, welches in jedem von uns verankert sein sollte! In diesem Sinne&#8230;denkt einfach mal dar\u00fcber nach!<\/p>\n<p>Euer Hacki<\/p>\n<hr>\n","protected":false},"excerpt":{"rendered":"<p>Wer bin ich? Ich bin Hacki und bin leidenschaftlicher Musiker, Philosoph, Schriftsteller, Fotograf und K\u00fcnstler aus Baden-W\u00fcrttemberg (Deutschland). Ich lasse mich inspirieren von Metal bis Klassik, von Slayer und Cannibal Corpse bis Antonio Vivaldi und Niccol\u00f2 Paganini, von Bud Spencer &hellip; <a href=\"https:\/\/hackisan.de\/en\/ueber-hackisan\/\">Continue reading <span class=\"meta-nav\">&rarr;<\/span><\/a><\/p>\n","protected":false},"author":1,"featured_media":0,"parent":0,"menu_order":0,"comment_status":"closed","ping_status":"closed","template":"","meta":{"footnotes":""},"class_list":["post-87","page","type-page","status-publish","hentry"],"translation":{"provider":"WPGlobus","version":"3.0.2","language":"en","enabled_languages":["de","en"],"languages":{"de":{"title":true,"content":true,"excerpt":false},"en":{"title":true,"content":false,"excerpt":false}}},"_links":{"self":[{"href":"https:\/\/hackisan.de\/en\/wp-json\/wp\/v2\/pages\/87","targetHints":{"allow":["GET"]}}],"collection":[{"href":"https:\/\/hackisan.de\/en\/wp-json\/wp\/v2\/pages"}],"about":[{"href":"https:\/\/hackisan.de\/en\/wp-json\/wp\/v2\/types\/page"}],"author":[{"embeddable":true,"href":"https:\/\/hackisan.de\/en\/wp-json\/wp\/v2\/users\/1"}],"replies":[{"embeddable":true,"href":"https:\/\/hackisan.de\/en\/wp-json\/wp\/v2\/comments?post=87"}],"version-history":[{"count":3,"href":"https:\/\/hackisan.de\/en\/wp-json\/wp\/v2\/pages\/87\/revisions"}],"predecessor-version":[{"id":911,"href":"https:\/\/hackisan.de\/en\/wp-json\/wp\/v2\/pages\/87\/revisions\/911"}],"wp:attachment":[{"href":"https:\/\/hackisan.de\/en\/wp-json\/wp\/v2\/media?parent=87"}],"curies":[{"name":"wp","href":"https:\/\/api.w.org\/{rel}","templated":true}]}}