{"id":19,"date":"2019-12-14T16:45:23","date_gmt":"2019-12-14T15:45:23","guid":{"rendered":"http:\/\/hackisan.com\/?page_id=19"},"modified":"2025-12-05T09:47:05","modified_gmt":"2025-12-05T08:47:05","slug":"impressum","status":"publish","type":"page","link":"https:\/\/hackisan.de\/en\/impressum\/","title":{"rendered":"Legal Notice"},"content":{"rendered":"<p><span style=\"color: #3366ff;\"><strong>Hackisan Music<\/strong><\/span><br \/>Thomas Sch\u00f6ffler (Hacki Hackisan)<br \/>Hauptstra\u00dfe 26<br \/>73566 Bartholom\u00e4<br \/>Tel.: 0176\/82698534 <br \/><a href=\"mailto:info@hackisan.de\">info@hackisan.de<\/a><\/p>\n<p><strong>Inhaltlich Verantwortlicher gem\u00e4\u00df \u00a7 18 Abs. 2 MStV:<\/strong><br \/>Thomas Sch\u00f6ffler, Hauptstra\u00dfe 26, 73566 Bartholom\u00e4<\/p>\n<p><strong>Domains: <\/strong><br \/><a href=\"http:\/\/www.hackisan.de\/\">www.hackisan.de<\/a><br \/><a href=\"https:\/\/hackisan.de\/\">www.hackisan.com<\/a><br \/><a href=\"https:\/\/hackisan.de\/\">www.hackisan.info<\/a><\/p>\n<p><strong>Weitere soziale Netzwerke:<\/strong><br \/><a href=\"http:\/\/www.youtube.com\/hackisan\" target=\"_blank\" rel=\"noreferrer noopener\">Hackisan auf Youtube<\/a> <br \/><a href=\"https:\/\/www.facebook.com\/hackisan\" target=\"_blank\" rel=\"noreferrer noopener\">Hackisan auf Facebook<\/a> <br \/><a href=\"https:\/\/instagram.com\/hackisan\" target=\"_blank\" rel=\"noreferrer noopener\">Hackisan auf Instagram<\/a><br \/><a href=\"https:\/\/www.tiktok.com\/@hackihackisan\" target=\"_blank\" rel=\"noopener\">Hackisan auf TikTok<\/a><\/p>\n<p><strong>Band:<\/strong><br \/><a href=\"http:\/\/www.lamagra666.de\/\" target=\"_blank\" rel=\"noreferrer noopener\">www.lamagra666.de<\/a><\/p>\n<p><strong>Urheberrecht<\/strong><\/p>\n<p>Die durch die Seitenbetreiber erstellten Inhalte und Werke auf diesen Seiten unterliegen dem deutschen Urheberrecht. Die Vervielf\u00e4ltigung, Bearbeitung, Verbreitung und jede Art der Verwertung au\u00dferhalb der Grenzen des Urheberrechtes bed\u00fcrfen der schriftlichen Zustimmung des jeweiligen Autors bzw. Erstellers. Downloads und Kopien dieser Seite sind nur f\u00fcr den privaten, nicht kommerziellen Gebrauch gestattet. Soweit die Inhalte auf dieser Seite nicht vom Betreiber erstellt wurden, werden die Urheberrechte Dritter beachtet. Insbesondere werden Inhalte Dritter als solche gekennzeichnet. Sollten Sie trotzdem auf eine Urheberrechtsverletzung aufmerksam werden, bitten wir um einen entsprechenden Hinweis. Bei Bekanntwerden von Rechtsverletzungen werden wir derartige Inhalte umgehend entfernen.<\/p>\n\n\n<hr class=\"wp-block-separator has-css-opacity\"\/>\n","protected":false},"excerpt":{"rendered":"<p>Hackisan MusicThomas Sch\u00f6ffler (Hacki Hackisan)Hauptstra\u00dfe 2673566 Bartholom\u00e4Tel.: 0176\/82698534 info@hackisan.de Inhaltlich Verantwortlicher gem\u00e4\u00df \u00a7 18 Abs. 2 MStV:Thomas Sch\u00f6ffler, Hauptstra\u00dfe 26, 73566 Bartholom\u00e4 Domains: www.hackisan.dewww.hackisan.comwww.hackisan.info Weitere soziale Netzwerke:Hackisan auf Youtube Hackisan auf Facebook Hackisan auf InstagramHackisan auf TikTok Band:www.lamagra666.de Urheberrecht Die &hellip; <a href=\"https:\/\/hackisan.de\/en\/impressum\/\">Continue reading <span class=\"meta-nav\">&rarr;<\/span><\/a><\/p>\n","protected":false},"author":1,"featured_media":0,"parent":0,"menu_order":0,"comment_status":"closed","ping_status":"closed","template":"","meta":{"footnotes":""},"class_list":["post-19","page","type-page","status-publish","hentry"],"translation":{"provider":"WPGlobus","version":"3.0.2","language":"en","enabled_languages":["de","en"],"languages":{"de":{"title":true,"content":true,"excerpt":false},"en":{"title":true,"content":false,"excerpt":false}}},"_links":{"self":[{"href":"https:\/\/hackisan.de\/en\/wp-json\/wp\/v2\/pages\/19","targetHints":{"allow":["GET"]}}],"collection":[{"href":"https:\/\/hackisan.de\/en\/wp-json\/wp\/v2\/pages"}],"about":[{"href":"https:\/\/hackisan.de\/en\/wp-json\/wp\/v2\/types\/page"}],"author":[{"embeddable":true,"href":"https:\/\/hackisan.de\/en\/wp-json\/wp\/v2\/users\/1"}],"replies":[{"embeddable":true,"href":"https:\/\/hackisan.de\/en\/wp-json\/wp\/v2\/comments?post=19"}],"version-history":[{"count":29,"href":"https:\/\/hackisan.de\/en\/wp-json\/wp\/v2\/pages\/19\/revisions"}],"predecessor-version":[{"id":1520,"href":"https:\/\/hackisan.de\/en\/wp-json\/wp\/v2\/pages\/19\/revisions\/1520"}],"wp:attachment":[{"href":"https:\/\/hackisan.de\/en\/wp-json\/wp\/v2\/media?parent=19"}],"curies":[{"name":"wp","href":"https:\/\/api.w.org\/{rel}","templated":true}]}}